{"id":7,"date":"2025-10-31T17:27:56","date_gmt":"2025-10-31T23:27:56","guid":{"rendered":"https:\/\/whaletailparagliding.com\/?page_id=7"},"modified":"2026-01-25T13:38:59","modified_gmt":"2026-01-25T19:38:59","slug":"inicio","status":"publish","type":"page","link":"https:\/\/whaletailparagliding.com\/en\/","title":{"rendered":"Home"},"content":{"rendered":"<div data-elementor-type=\"wp-post\" data-elementor-id=\"7\" class=\"elementor elementor-7\">\n\t\t\t\t<div class=\"elementor-element elementor-element-831dfa9 e-con-full e-flex e-con e-parent\" data-id=\"831dfa9\" data-element_type=\"container\" data-settings=\"{&quot;background_background&quot;:&quot;classic&quot;}\">\n\t\t\t\t<\/div>\n\t\t<div class=\"elementor-element elementor-element-3f075b1 e-con-full e-flex e-con e-parent\" data-id=\"3f075b1\" data-element_type=\"container\" data-settings=\"{&quot;background_background&quot;:&quot;classic&quot;}\">\n\t\t\t\t<div class=\"elementor-element elementor-element-8d0bef6 elementor-widget__width-inherit elementor-widget elementor-widget-video\" data-id=\"8d0bef6\" data-element_type=\"widget\" data-settings=\"{&quot;video_type&quot;:&quot;hosted&quot;,&quot;autoplay&quot;:&quot;yes&quot;,&quot;play_on_mobile&quot;:&quot;yes&quot;,&quot;mute&quot;:&quot;yes&quot;,&quot;loop&quot;:&quot;yes&quot;}\" data-widget_type=\"video.default\">\n\t\t\t\t\t\t\t<div class=\"e-hosted-video elementor-wrapper elementor-open-inline\">\n\t\t\t\t\t<video class=\"elementor-video\" src=\"https:\/\/whaletailparagliding.com\/wp-content\/uploads\/2025\/11\/04-2.mp4\" autoplay=\"\" loop=\"\" muted=\"muted\" playsinline=\"\" controlslist=\"nodownload\"><\/video>\n\t\t\t\t<\/div>\n\t\t\t\t\t\t<\/div>\n\t\t\t\t<\/div>\n\t\t<div class=\"elementor-element elementor-element-e979248 e-flex e-con-boxed e-con e-parent\" data-id=\"e979248\" data-element_type=\"container\" data-settings=\"{&quot;background_background&quot;:&quot;gradient&quot;}\">\n\t\t\t\t\t<div class=\"e-con-inner\">\n\t\t\t\t\t<\/div>\n\t\t\t\t<\/div>\n\t\t<div class=\"elementor-element elementor-element-d4d9037 e-flex e-con-boxed e-con e-parent\" data-id=\"d4d9037\" data-element_type=\"container\" data-settings=\"{&quot;background_background&quot;:&quot;gradient&quot;}\">\n\t\t\t\t\t<div class=\"e-con-inner\">\n\t\t<div class=\"elementor-element elementor-element-da5f3ef e-flex e-con-boxed e-con e-child\" data-id=\"da5f3ef\" data-element_type=\"container\">\n\t\t\t\t\t<div class=\"e-con-inner\">\n\t\t\t\t<div class=\"elementor-element elementor-element-013732c elementor-widget elementor-widget-heading\" data-id=\"013732c\" data-element_type=\"widget\" data-widget_type=\"heading.default\">\n\t\t\t\t\t<h2 class=\"elementor-heading-title elementor-size-default\"><b>WE'VE GOT A RECORD<\/b><\/h2>\t\t\t\t<\/div>\n\t\t<div class=\"elementor-element elementor-element-356ea89 e-con-full e-flex e-con e-child\" data-id=\"356ea89\" data-element_type=\"container\">\n\t\t\t\t<div class=\"elementor-element elementor-element-30fa6f0 elementor-widget__width-initial elementor-widget elementor-widget-text-editor\" data-id=\"30fa6f0\" data-element_type=\"widget\" data-widget_type=\"text-editor.default\">\n\t\t\t\t\t\t\t\t\t<h6><b>At Whale Tail Paragliding and adventures our number one priority is safety.<br><\/b><strong style=\"font-family: inherit; font-style: inherit;\">Our purpose is to bring the magic of paragliding to more people!<\/strong><\/h6>\t\t\t\t\t\t\t\t<\/div>\n\t\t\t\t<div class=\"elementor-element elementor-element-59b14d9 elementor-widget__width-initial elementor-widget elementor-widget-text-editor\" data-id=\"59b14d9\" data-element_type=\"widget\" data-widget_type=\"text-editor.default\">\n\t\t\t\t\t\t\t\t\t<p>Our goal is to provide our students with professional paragliding instruction so that they are 100% ready to safely paraglide on their own or just do a tandem with an instructor.<\/p><p>\u00a0<\/p><p>We also boast one of the best tandem paragliding safety records in the industry!<\/p><p>Instructors at Boulder Paragliding have over 8,000+ commercial tandem flights under their wings...\u00a0<\/p><p><b>and ZERO incidents!<\/b><\/p>\t\t\t\t\t\t\t\t<\/div>\n\t\t\t\t<\/div>\n\t\t\t\t\t<\/div>\n\t\t\t\t<\/div>\n\t\t\t\t\t<\/div>\n\t\t\t\t<\/div>\n\t\t<div class=\"elementor-element elementor-element-30e1e00 e-flex e-con-boxed e-con e-parent\" data-id=\"30e1e00\" data-element_type=\"container\">\n\t\t\t\t\t<div class=\"e-con-inner\">\n\t\t<div class=\"elementor-element elementor-element-8c66cd5 e-con-full e-flex e-con e-child\" data-id=\"8c66cd5\" data-element_type=\"container\">\n\t\t\t\t<div class=\"elementor-element elementor-element-77cdebd elementor-widget elementor-widget-image\" data-id=\"77cdebd\" data-element_type=\"widget\" data-widget_type=\"image.default\">\n\t\t\t\t\t\t\t\t\t\t\t\t\t\t\t<img fetchpriority=\"high\" decoding=\"async\" width=\"765\" height=\"1020\" src=\"https:\/\/whaletailparagliding.com\/wp-content\/uploads\/2025\/11\/Foto-A-2.webp\" class=\"attachment-large size-large wp-image-624\" alt=\"\" srcset=\"https:\/\/whaletailparagliding.com\/wp-content\/uploads\/2025\/11\/Foto-A-2.webp 765w, https:\/\/whaletailparagliding.com\/wp-content\/uploads\/2025\/11\/Foto-A-2-225x300.webp 225w, https:\/\/whaletailparagliding.com\/wp-content\/uploads\/2025\/11\/Foto-A-2-9x12.jpeg 9w, https:\/\/whaletailparagliding.com\/wp-content\/uploads\/2025\/11\/Foto-A-2-600x800.jpeg 600w\" sizes=\"(max-width: 765px) 100vw, 765px\" \/>\t\t\t\t\t\t\t\t\t\t\t\t\t\t\t<\/div>\n\t\t\t\t<\/div>\n\t\t<div class=\"elementor-element elementor-element-7ab391c e-con-full e-flex e-con e-child\" data-id=\"7ab391c\" data-element_type=\"container\">\n\t\t\t\t<div class=\"elementor-element elementor-element-c29d2d4 elementor-widget elementor-widget-image\" data-id=\"c29d2d4\" data-element_type=\"widget\" data-widget_type=\"image.default\">\n\t\t\t\t\t\t\t\t\t\t\t\t\t\t\t<img decoding=\"async\" width=\"765\" height=\"1020\" src=\"https:\/\/whaletailparagliding.com\/wp-content\/uploads\/2025\/11\/G0228950.webp\" class=\"attachment-large size-large wp-image-626\" alt=\"\" srcset=\"https:\/\/whaletailparagliding.com\/wp-content\/uploads\/2025\/11\/G0228950.webp 765w, https:\/\/whaletailparagliding.com\/wp-content\/uploads\/2025\/11\/G0228950-225x300.webp 225w, https:\/\/whaletailparagliding.com\/wp-content\/uploads\/2025\/11\/G0228950-9x12.webp 9w, https:\/\/whaletailparagliding.com\/wp-content\/uploads\/2025\/11\/G0228950-600x800.webp 600w\" sizes=\"(max-width: 765px) 100vw, 765px\" \/>\t\t\t\t\t\t\t\t\t\t\t\t\t\t\t<\/div>\n\t\t\t\t<\/div>\n\t\t<div class=\"elementor-element elementor-element-ffc6be1 e-con-full e-flex e-con e-child\" data-id=\"ffc6be1\" data-element_type=\"container\">\n\t\t\t\t<div class=\"elementor-element elementor-element-8dbe03c elementor-widget elementor-widget-image\" data-id=\"8dbe03c\" data-element_type=\"widget\" data-widget_type=\"image.default\">\n\t\t\t\t\t\t\t\t\t\t\t\t\t\t\t<img decoding=\"async\" width=\"765\" height=\"1020\" src=\"https:\/\/whaletailparagliding.com\/wp-content\/uploads\/2025\/11\/G0030476.webp\" class=\"attachment-large size-large wp-image-625\" alt=\"\" srcset=\"https:\/\/whaletailparagliding.com\/wp-content\/uploads\/2025\/11\/G0030476.webp 765w, https:\/\/whaletailparagliding.com\/wp-content\/uploads\/2025\/11\/G0030476-225x300.webp 225w, https:\/\/whaletailparagliding.com\/wp-content\/uploads\/2025\/11\/G0030476-9x12.webp 9w, https:\/\/whaletailparagliding.com\/wp-content\/uploads\/2025\/11\/G0030476-600x800.webp 600w\" sizes=\"(max-width: 765px) 100vw, 765px\" \/>\t\t\t\t\t\t\t\t\t\t\t\t\t\t\t<\/div>\n\t\t\t\t<\/div>\n\t\t<div class=\"elementor-element elementor-element-167e6d2 e-con-full e-flex e-con e-child\" data-id=\"167e6d2\" data-element_type=\"container\">\n\t\t\t\t<div class=\"elementor-element elementor-element-b8055c6 elementor-widget elementor-widget-image\" data-id=\"b8055c6\" data-element_type=\"widget\" data-widget_type=\"image.default\">\n\t\t\t\t\t\t\t\t\t\t\t\t\t\t\t<img loading=\"lazy\" decoding=\"async\" width=\"765\" height=\"1020\" src=\"https:\/\/whaletailparagliding.com\/wp-content\/uploads\/2025\/11\/G0319698.webp\" class=\"attachment-large size-large wp-image-627\" alt=\"\" srcset=\"https:\/\/whaletailparagliding.com\/wp-content\/uploads\/2025\/11\/G0319698.webp 765w, https:\/\/whaletailparagliding.com\/wp-content\/uploads\/2025\/11\/G0319698-225x300.webp 225w, https:\/\/whaletailparagliding.com\/wp-content\/uploads\/2025\/11\/G0319698-9x12.jpg 9w, https:\/\/whaletailparagliding.com\/wp-content\/uploads\/2025\/11\/G0319698-600x800.jpg 600w\" sizes=\"(max-width: 765px) 100vw, 765px\" \/>\t\t\t\t\t\t\t\t\t\t\t\t\t\t\t<\/div>\n\t\t\t\t<\/div>\n\t\t\t\t\t<\/div>\n\t\t\t\t<\/div>\n\t\t<div class=\"elementor-element elementor-element-730eaa1 e-con-full e-flex e-con e-parent\" data-id=\"730eaa1\" data-element_type=\"container\">\n\t\t<div class=\"elementor-element elementor-element-08f951e e-con-full e-flex e-con e-child\" data-id=\"08f951e\" data-element_type=\"container\">\n\t\t\t\t<div class=\"elementor-element elementor-element-4c1282b elementor-widget elementor-widget-image\" data-id=\"4c1282b\" data-element_type=\"widget\" data-widget_type=\"image.default\">\n\t\t\t\t\t\t\t\t\t\t\t\t\t\t\t<img loading=\"lazy\" decoding=\"async\" width=\"1024\" height=\"613\" src=\"https:\/\/whaletailparagliding.com\/wp-content\/uploads\/2025\/11\/Screenshot-2025-10-23-at-3.21.20-PM-e1763564139507-1024x613.png\" class=\"attachment-large size-large wp-image-1159\" alt=\"\" srcset=\"https:\/\/whaletailparagliding.com\/wp-content\/uploads\/2025\/11\/Screenshot-2025-10-23-at-3.21.20-PM-e1763564139507-1024x613.png 1024w, https:\/\/whaletailparagliding.com\/wp-content\/uploads\/2025\/11\/Screenshot-2025-10-23-at-3.21.20-PM-e1763564139507-300x180.png 300w, https:\/\/whaletailparagliding.com\/wp-content\/uploads\/2025\/11\/Screenshot-2025-10-23-at-3.21.20-PM-e1763564139507-768x460.png 768w, https:\/\/whaletailparagliding.com\/wp-content\/uploads\/2025\/11\/Screenshot-2025-10-23-at-3.21.20-PM-e1763564139507-1536x919.png 1536w, https:\/\/whaletailparagliding.com\/wp-content\/uploads\/2025\/11\/Screenshot-2025-10-23-at-3.21.20-PM-e1763564139507-2048x1226.png 2048w, https:\/\/whaletailparagliding.com\/wp-content\/uploads\/2025\/11\/Screenshot-2025-10-23-at-3.21.20-PM-e1763564139507-18x12.png 18w, https:\/\/whaletailparagliding.com\/wp-content\/uploads\/2025\/11\/Screenshot-2025-10-23-at-3.21.20-PM-e1763564139507-600x359.png 600w\" sizes=\"(max-width: 1024px) 100vw, 1024px\" \/>\t\t\t\t\t\t\t\t\t\t\t\t\t\t\t<\/div>\n\t\t\t\t<\/div>\n\t\t<div class=\"elementor-element elementor-element-7261761 e-con-full e-flex e-con e-child\" data-id=\"7261761\" data-element_type=\"container\">\n\t\t\t\t<div class=\"elementor-element elementor-element-e78f622 elementor-widget elementor-widget-image\" data-id=\"e78f622\" data-element_type=\"widget\" data-widget_type=\"image.default\">\n\t\t\t\t\t\t\t\t\t\t\t\t\t\t\t<img loading=\"lazy\" decoding=\"async\" width=\"1024\" height=\"612\" src=\"https:\/\/whaletailparagliding.com\/wp-content\/uploads\/2025\/11\/Screenshot-2025-10-23-at-3.19.16-PM-1024x612.png\" class=\"attachment-large size-large wp-image-1160\" alt=\"\" srcset=\"https:\/\/whaletailparagliding.com\/wp-content\/uploads\/2025\/11\/Screenshot-2025-10-23-at-3.19.16-PM-1024x612.png 1024w, https:\/\/whaletailparagliding.com\/wp-content\/uploads\/2025\/11\/Screenshot-2025-10-23-at-3.19.16-PM-300x179.png 300w, https:\/\/whaletailparagliding.com\/wp-content\/uploads\/2025\/11\/Screenshot-2025-10-23-at-3.19.16-PM-768x459.png 768w, https:\/\/whaletailparagliding.com\/wp-content\/uploads\/2025\/11\/Screenshot-2025-10-23-at-3.19.16-PM-1536x918.png 1536w, https:\/\/whaletailparagliding.com\/wp-content\/uploads\/2025\/11\/Screenshot-2025-10-23-at-3.19.16-PM-2048x1224.png 2048w, https:\/\/whaletailparagliding.com\/wp-content\/uploads\/2025\/11\/Screenshot-2025-10-23-at-3.19.16-PM-18x12.png 18w, https:\/\/whaletailparagliding.com\/wp-content\/uploads\/2025\/11\/Screenshot-2025-10-23-at-3.19.16-PM-600x359.png 600w\" sizes=\"(max-width: 1024px) 100vw, 1024px\" \/>\t\t\t\t\t\t\t\t\t\t\t\t\t\t\t<\/div>\n\t\t\t\t<\/div>\n\t\t\t\t<\/div>\n\t\t<div class=\"elementor-element elementor-element-5fad154 e-flex e-con-boxed e-con e-parent\" data-id=\"5fad154\" data-element_type=\"container\" data-settings=\"{&quot;background_background&quot;:&quot;gradient&quot;}\">\n\t\t\t\t\t<div class=\"e-con-inner\">\n\t\t<div class=\"elementor-element elementor-element-0fc7be5 e-flex e-con-boxed e-con e-child\" data-id=\"0fc7be5\" data-element_type=\"container\">\n\t\t\t\t\t<div class=\"e-con-inner\">\n\t\t\t\t<div class=\"elementor-element elementor-element-2a481cd elementor-widget elementor-widget-heading\" data-id=\"2a481cd\" data-element_type=\"widget\" data-widget_type=\"heading.default\">\n\t\t\t\t\t<h4 class=\"elementor-heading-title elementor-size-default\"><b>WHY WHALE TAIL PARAGLIDING?<\/b><\/h4>\t\t\t\t<\/div>\n\t\t\t\t<div class=\"elementor-element elementor-element-07e655c elementor-widget elementor-widget-text-editor\" data-id=\"07e655c\" data-element_type=\"widget\" data-widget_type=\"text-editor.default\">\n\t\t\t\t\t\t\t\t\t<p>\u2713 25+ Years of World-Class Paragliding Experience<\/p><p>\u2713 9+ Years teaching dozens of students how to paraglide<br \/>\u2713 8,000 + tandem paragliding flights Mauricio without any incidents<br \/>\u2713 USHPA &amp; FEDEVIP certifications in advanced instructor and pro tandem pilot with the most experience in the  area<br \/>\u2713 Fluent in English, Spanish, Italian, Portuguese.<\/p>\t\t\t\t\t\t\t\t<\/div>\n\t\t\t\t\t<\/div>\n\t\t\t\t<\/div>\n\t\t\t\t\t<\/div>\n\t\t\t\t<\/div>\n\t\t<div class=\"elementor-element elementor-element-7934d34 e-con-full e-flex e-con e-parent\" data-id=\"7934d34\" data-element_type=\"container\">\n\t\t<div class=\"elementor-element elementor-element-887adcc e-con-full e-flex e-con e-child\" data-id=\"887adcc\" data-element_type=\"container\">\n\t\t\t\t<div class=\"elementor-element elementor-element-9e85bed elementor-widget elementor-widget-image\" data-id=\"9e85bed\" data-element_type=\"widget\" data-widget_type=\"image.default\">\n\t\t\t\t\t\t\t\t\t\t\t\t\t\t\t<img loading=\"lazy\" decoding=\"async\" width=\"1024\" height=\"611\" src=\"https:\/\/whaletailparagliding.com\/wp-content\/uploads\/2025\/11\/Screenshot-2025-10-23-at-3.21.01-PM-e1763565759643-1024x611.png\" class=\"attachment-large size-large wp-image-1170\" alt=\"\" srcset=\"https:\/\/whaletailparagliding.com\/wp-content\/uploads\/2025\/11\/Screenshot-2025-10-23-at-3.21.01-PM-e1763565759643-1024x611.png 1024w, https:\/\/whaletailparagliding.com\/wp-content\/uploads\/2025\/11\/Screenshot-2025-10-23-at-3.21.01-PM-e1763565759643-300x179.png 300w, https:\/\/whaletailparagliding.com\/wp-content\/uploads\/2025\/11\/Screenshot-2025-10-23-at-3.21.01-PM-e1763565759643-768x458.png 768w, https:\/\/whaletailparagliding.com\/wp-content\/uploads\/2025\/11\/Screenshot-2025-10-23-at-3.21.01-PM-e1763565759643-1536x917.png 1536w, https:\/\/whaletailparagliding.com\/wp-content\/uploads\/2025\/11\/Screenshot-2025-10-23-at-3.21.01-PM-e1763565759643-18x12.png 18w, https:\/\/whaletailparagliding.com\/wp-content\/uploads\/2025\/11\/Screenshot-2025-10-23-at-3.21.01-PM-e1763565759643-600x358.png 600w, https:\/\/whaletailparagliding.com\/wp-content\/uploads\/2025\/11\/Screenshot-2025-10-23-at-3.21.01-PM-e1763565759643.png 2006w\" sizes=\"(max-width: 1024px) 100vw, 1024px\" \/>\t\t\t\t\t\t\t\t\t\t\t\t\t\t\t<\/div>\n\t\t\t\t<\/div>\n\t\t<div class=\"elementor-element elementor-element-9139270 e-con-full e-flex e-con e-child\" data-id=\"9139270\" data-element_type=\"container\">\n\t\t\t\t<div class=\"elementor-element elementor-element-38957f7 elementor-widget elementor-widget-image\" data-id=\"38957f7\" data-element_type=\"widget\" data-widget_type=\"image.default\">\n\t\t\t\t\t\t\t\t\t\t\t\t\t\t\t<img loading=\"lazy\" decoding=\"async\" width=\"1024\" height=\"613\" src=\"https:\/\/whaletailparagliding.com\/wp-content\/uploads\/2025\/11\/Screenshot-2025-10-23-at-3.22.01-PM-e1763566036638-1024x613.png\" class=\"attachment-large size-large wp-image-1171\" alt=\"\" srcset=\"https:\/\/whaletailparagliding.com\/wp-content\/uploads\/2025\/11\/Screenshot-2025-10-23-at-3.22.01-PM-e1763566036638-1024x613.png 1024w, https:\/\/whaletailparagliding.com\/wp-content\/uploads\/2025\/11\/Screenshot-2025-10-23-at-3.22.01-PM-e1763566036638-300x179.png 300w, https:\/\/whaletailparagliding.com\/wp-content\/uploads\/2025\/11\/Screenshot-2025-10-23-at-3.22.01-PM-e1763566036638-768x459.png 768w, https:\/\/whaletailparagliding.com\/wp-content\/uploads\/2025\/11\/Screenshot-2025-10-23-at-3.22.01-PM-e1763566036638-1536x919.png 1536w, https:\/\/whaletailparagliding.com\/wp-content\/uploads\/2025\/11\/Screenshot-2025-10-23-at-3.22.01-PM-e1763566036638-2048x1225.png 2048w, https:\/\/whaletailparagliding.com\/wp-content\/uploads\/2025\/11\/Screenshot-2025-10-23-at-3.22.01-PM-e1763566036638-18x12.png 18w, https:\/\/whaletailparagliding.com\/wp-content\/uploads\/2025\/11\/Screenshot-2025-10-23-at-3.22.01-PM-e1763566036638-600x359.png 600w\" sizes=\"(max-width: 1024px) 100vw, 1024px\" \/>\t\t\t\t\t\t\t\t\t\t\t\t\t\t\t<\/div>\n\t\t\t\t<\/div>\n\t\t\t\t<\/div>\n\t\t<div class=\"elementor-element elementor-element-eee5238 e-flex e-con-boxed e-con e-parent\" data-id=\"eee5238\" data-element_type=\"container\">\n\t\t\t\t\t<div class=\"e-con-inner\">\n\t\t\t\t<div class=\"elementor-element elementor-element-533fa41 elementor-widget elementor-widget-heading\" data-id=\"533fa41\" data-element_type=\"widget\" data-widget_type=\"heading.default\">\n\t\t\t\t\t<h2 class=\"elementor-heading-title elementor-size-default\">Choose your Experience<\/h2>\t\t\t\t<\/div>\n\t\t\t\t\t<\/div>\n\t\t\t\t<\/div>\n\t\t<div class=\"elementor-element elementor-element-9a96e37 e-con-full e-flex e-con e-parent\" data-id=\"9a96e37\" data-element_type=\"container\">\n\t\t<a class=\"elementor-element elementor-element-19e2b28 e-con-full e-flex e-con e-child\" data-id=\"19e2b28\" data-element_type=\"container\" data-settings=\"{&quot;background_background&quot;:&quot;classic&quot;}\" href=\"https:\/\/whaletailparagliding.com\/vuela\/\">\n\t\t\t\t<div class=\"elementor-element elementor-element-e2b87b2 elementor-widget elementor-widget-heading\" data-id=\"e2b87b2\" data-element_type=\"widget\" data-widget_type=\"heading.default\">\n\t\t\t\t\t<h2 class=\"elementor-heading-title elementor-size-default\"><b>FLY<\/b><\/h2>\t\t\t\t<\/div>\n\t\t\t\t<\/a>\n\t\t<a class=\"elementor-element elementor-element-e4812e7 e-con-full e-flex e-con e-child\" data-id=\"e4812e7\" data-element_type=\"container\" data-settings=\"{&quot;background_background&quot;:&quot;classic&quot;}\" href=\"https:\/\/whaletailparagliding.com\/adventure\/\">\n\t\t\t\t<div class=\"elementor-element elementor-element-d2a19eb elementor-widget elementor-widget-heading\" data-id=\"d2a19eb\" data-element_type=\"widget\" data-widget_type=\"heading.default\">\n\t\t\t\t\t<h2 class=\"elementor-heading-title elementor-size-default\">                         <b>Adventure<\/b><\/h2>\t\t\t\t<\/div>\n\t\t\t\t<\/a>\n\t\t<a class=\"elementor-element elementor-element-2a05a51 e-con-full e-flex e-con e-child\" data-id=\"2a05a51\" data-element_type=\"container\" data-settings=\"{&quot;background_background&quot;:&quot;classic&quot;}\" href=\"https:\/\/whaletailparagliding.com\/donde-estamos\/\">\n\t\t\t\t<div class=\"elementor-element elementor-element-d63787c elementor-widget elementor-widget-heading\" data-id=\"d63787c\" data-element_type=\"widget\" data-widget_type=\"heading.default\">\n\t\t\t\t\t<h2 class=\"elementor-heading-title elementor-size-default translation-block\"><b>paragliding<br>clinics <\/b><\/h2>\t\t\t\t<\/div>\n\t\t\t\t<\/a>\n\t\t\t\t<\/div>\n\t\t\t\t<\/div>","protected":false},"excerpt":{"rendered":"<p>https:\/\/whaletailparagliding.com\/wp-content\/uploads\/2025\/11\/04-2.mp4 TENEMOS UN R\u00c9CORD En&nbsp;Whale Tail Paragliding and Adventures, nuestra prioridad n\u00famero uno es la seguridad.Nuestro prop\u00f3sito es llevar la magia del parapente a m\u00e1s personas. Nuestro objetivo es ofrecer a nuestros estudiantes\u00a0 y personas que quieran experimentar el vuelo libre\u00a0 una instrucci\u00f3n profesional,\u00a0para que est\u00e9n 100% preparados para volar de forma segura y aut\u00f3noma. &#8230; <a title=\"Home\" class=\"read-more\" href=\"https:\/\/whaletailparagliding.com\/en\/\" aria-label=\"Read more about Inicio\">Read more<\/a><\/p>","protected":false},"author":1,"featured_media":0,"parent":0,"menu_order":0,"comment_status":"closed","ping_status":"closed","template":"","meta":{"footnotes":""},"class_list":["post-7","page","type-page","status-publish"],"_links":{"self":[{"href":"https:\/\/whaletailparagliding.com\/en\/wp-json\/wp\/v2\/pages\/7","targetHints":{"allow":["GET"]}}],"collection":[{"href":"https:\/\/whaletailparagliding.com\/en\/wp-json\/wp\/v2\/pages"}],"about":[{"href":"https:\/\/whaletailparagliding.com\/en\/wp-json\/wp\/v2\/types\/page"}],"author":[{"embeddable":true,"href":"https:\/\/whaletailparagliding.com\/en\/wp-json\/wp\/v2\/users\/1"}],"replies":[{"embeddable":true,"href":"https:\/\/whaletailparagliding.com\/en\/wp-json\/wp\/v2\/comments?post=7"}],"version-history":[{"count":264,"href":"https:\/\/whaletailparagliding.com\/en\/wp-json\/wp\/v2\/pages\/7\/revisions"}],"predecessor-version":[{"id":1334,"href":"https:\/\/whaletailparagliding.com\/en\/wp-json\/wp\/v2\/pages\/7\/revisions\/1334"}],"wp:attachment":[{"href":"https:\/\/whaletailparagliding.com\/en\/wp-json\/wp\/v2\/media?parent=7"}],"curies":[{"name":"wp","href":"https:\/\/api.w.org\/{rel}","templated":true}]}}